{"id":368,"date":"2025-03-24T15:56:16","date_gmt":"2025-03-24T14:56:16","guid":{"rendered":"http:\/\/test.elenet.pl\/?page_id=368"},"modified":"2025-03-26T14:54:24","modified_gmt":"2025-03-26T13:54:24","slug":"oferta","status":"publish","type":"page","link":"http:\/\/test.elenet.pl\/?page_id=368","title":{"rendered":"OFERTA"},"content":{"rendered":"\n<h3 class=\"wp-block-heading has-text-align-center o-typing-delay-100ms o-typing-fast has-neve-link-hover-color-color has-nv-light-bg-background-color has-text-color has-background has-link-color has-medium-font-size wp-elements-da69c122e26609b3af613c0bca7fb2f1\"><span class=\"highlight\"><mark style=\"background-color:rgba(0, 0, 0, 0)\" class=\"has-inline-color has-neve-text-color-color\"><strong>kompleksowe rozwi\u0105zania IT<\/strong>.<\/mark><br><\/span><o-anim-typing>Specjalizujemy si\u0119 w monitoringu, automatyzacji i bezpiecze\u0144stwie system\u00f3w IT.<\/o-anim-typing><br><\/h3>\n\n\n\n<div style=\"height:89px\" aria-hidden=\"true\" class=\"wp-block-spacer\"><\/div>\n\n\n\n<hr class=\"wp-block-separator has-alpha-channel-opacity\"\/>\n\n\n\n<p class=\"has-text-align-center has-large-font-size\"><strong><mark style=\"background-color:rgba(0, 0, 0, 0)\" class=\"has-inline-color has-neve-link-hover-color-color\">Monitoring i optymalizacja IT<\/mark><\/strong><\/p>\n\n\n\n<div id=\"wp-block-themeisle-blocks-flip-2ec06bb6\" class=\"wp-block-themeisle-blocks-flip anim flipX\"><div class=\"o-flip-inner\"><div class=\"o-flip-front\"><div class=\"o-flip-content\"><h3>\ud83d\udda5\ufe0f <strong>Monitoring system\u00f3w IT<\/strong><\/h3><p><strong>Obr\u00f3\u0107, aby zobaczy\u0107 wi\u0119cej!<\/strong><\/p><\/div><\/div><div class=\"o-flip-back\">\n<p><\/p>\n\n\n\n<p class=\"has-medium-font-size\"><strong>\u26a1 Integracja z Nagios, Zabbix, Cacti<\/strong><\/p>\n\n\n\n<p class=\"has-medium-font-size\"><strong><br>\u26a1 Automatyczne wykrywanie problem\u00f3w<\/strong><\/p>\n<\/div><\/div><\/div>\n\n\n\n<div style=\"height:100px\" aria-hidden=\"true\" class=\"wp-block-spacer\"><\/div>\n\n\n\n<div id=\"wp-block-themeisle-blocks-flip-333e2ec6\" class=\"wp-block-themeisle-blocks-flip anim flipX\"><div class=\"o-flip-inner\"><div class=\"o-flip-front\"><div class=\"o-flip-content\"><h3>\u2699\ufe0f <strong>Optymalizacja wydajno\u015bci<\/strong><\/h3><p><strong>Obr\u00f3\u0107, aby zobaczy\u0107 wi\u0119cej!<\/strong><\/p><\/div><\/div><div class=\"o-flip-back\">\n<p><\/p>\n\n\n\n<p class=\"has-medium-font-size\">\u26a1 <strong>Filtracja i sortowanie danych<\/strong><\/p>\n\n\n\n<p class=\"has-medium-font-size\"><br>\u26a1 <strong>Zwi\u0119kszenie efektywno\u015bci system\u00f3w<\/strong><\/p>\n<\/div><\/div><\/div>\n\n\n\n<div style=\"height:100px\" aria-hidden=\"true\" class=\"wp-block-spacer\"><\/div>\n\n\n\n<hr class=\"wp-block-separator has-alpha-channel-opacity\"\/>\n\n\n\n<p class=\"has-text-align-center has-large-font-size\"><strong><mark style=\"background-color:rgba(0, 0, 0, 0)\" class=\"has-inline-color has-neve-link-hover-color-color\">Automatyzacja i rozw\u00f3j IT<\/mark><\/strong><\/p>\n\n\n\n<div style=\"height:100px\" aria-hidden=\"true\" class=\"wp-block-spacer\"><\/div>\n\n\n\n<div id=\"wp-block-themeisle-blocks-flip-086478f2\" class=\"wp-block-themeisle-blocks-flip anim flipX\"><div class=\"o-flip-inner\"><div class=\"o-flip-front\"><div class=\"o-flip-content\"><h3>\ud83d\ude80 <strong>Tworzenie skrypt\u00f3w i rozszerze\u0144<\/strong><\/h3><p><strong>Obr\u00f3\u0107, aby zobaczy\u0107 wi\u0119cej!<\/strong><\/p><\/div><\/div><div class=\"o-flip-back\">\n<p><\/p>\n\n\n\n<p class=\"has-medium-font-size\">\u26a1 <strong>Automatyzacja powtarzalnych zada\u0144<\/strong><\/p>\n\n\n\n<p class=\"has-medium-font-size\"><br>\u26a1 <strong>Programowanie w Bash, PHP, Perl, C<\/strong><\/p>\n<\/div><\/div><\/div>\n\n\n\n<div style=\"height:100px\" aria-hidden=\"true\" class=\"wp-block-spacer\"><\/div>\n\n\n\n<div id=\"wp-block-themeisle-blocks-flip-7f6ae28e\" class=\"wp-block-themeisle-blocks-flip anim flipX\"><div class=\"o-flip-inner\"><div class=\"o-flip-front\"><div class=\"o-flip-content\"><h3>\ud83d\udcca <strong>Zaawansowana analiza danych<\/strong><\/h3><p><strong>Obr\u00f3\u0107, aby zobaczy\u0107 wi\u0119cej!<\/strong><\/p><\/div><\/div><div class=\"o-flip-back\">\n<p><\/p>\n\n\n\n<p class=\"has-medium-font-size\">\u26a1 <strong>Wizualizacja i raportowanie w czasie rzeczywistym<\/strong><\/p>\n\n\n\n<p class=\"has-medium-font-size\"><br>\u26a1 <strong>Wykrywanie trend\u00f3w i anomalii<\/strong><\/p>\n<\/div><\/div><\/div>\n\n\n\n<p><\/p>\n\n\n\n<div style=\"height:100px\" aria-hidden=\"true\" class=\"wp-block-spacer\"><\/div>\n\n\n\n<hr class=\"wp-block-separator has-alpha-channel-opacity\"\/>\n\n\n\n<p class=\"has-text-align-center has-large-font-size\"><strong><mark style=\"background-color:rgba(0, 0, 0, 0)\" class=\"has-inline-color has-neve-link-hover-color-color\"><strong>Integracja i bezpiecze\u0144stwo IT<\/strong><\/mark><\/strong><\/p>\n\n\n\n<div style=\"height:100px\" aria-hidden=\"true\" class=\"wp-block-spacer\"><\/div>\n\n\n\n<div id=\"wp-block-themeisle-blocks-flip-ede6d4b0\" class=\"wp-block-themeisle-blocks-flip anim flipX\"><div class=\"o-flip-inner\"><div class=\"o-flip-front\"><div class=\"o-flip-content\"><h3>\ud83d\udd17 <strong>Integracja z innymi systemami<\/strong><\/h3><p><strong>Obr\u00f3\u0107, aby zobaczy\u0107 wi\u0119cej!<\/strong><\/p><\/div><\/div><div class=\"o-flip-back\">\n<p><\/p>\n\n\n\n<p class=\"has-medium-font-size\">\u26a1 <strong>Po\u0142\u0105czenie z ITSM, SIEM, analityk\u0105<\/strong><\/p>\n\n\n\n<p class=\"has-medium-font-size\"><br>\u26a1 <strong>Centralizacja danych z r\u00f3\u017cnych \u017ar\u00f3de\u0142<\/strong><\/p>\n<\/div><\/div><\/div>\n\n\n\n<div style=\"height:100px\" aria-hidden=\"true\" class=\"wp-block-spacer\"><\/div>\n\n\n\n<div id=\"wp-block-themeisle-blocks-flip-c2b7976c\" class=\"wp-block-themeisle-blocks-flip anim flipX\"><div class=\"o-flip-inner\"><div class=\"o-flip-front\"><div class=\"o-flip-content\"><h3>\ud83d\udd12 <strong>Bezpiecze\u0144stwo i audyt IT<\/strong><\/h3><p><strong>Obr\u00f3\u0107, aby zobaczy\u0107 wi\u0119cej!<\/strong><\/p><\/div><\/div><div class=\"o-flip-back\">\n<p><\/p>\n\n\n\n<p class=\"has-medium-font-size\">\u26a1 <strong>Wykrywanie zagro\u017ce\u0144 i atak\u00f3w<\/strong><\/p>\n\n\n\n<p class=\"has-medium-font-size\"><br>\u26a1 <strong>Regularne audyty i testy penetracyjne<\/strong><\/p>\n<\/div><\/div><\/div>\n\n\n\n<p><\/p>\n\n\n\n<div style=\"height:100px\" aria-hidden=\"true\" class=\"wp-block-spacer\"><\/div>\n\n\n\n<hr class=\"wp-block-separator has-alpha-channel-opacity\"\/>\n\n\n\n<p class=\"has-text-align-center has-large-font-size\"><strong><mark style=\"background-color:rgba(0, 0, 0, 0)\" class=\"has-inline-color has-neve-link-hover-color-color\"><strong>Wsparcie i konsultacje<\/strong><\/mark><\/strong><\/p>\n\n\n\n<div style=\"height:100px\" aria-hidden=\"true\" class=\"wp-block-spacer\"><\/div>\n\n\n\n<div id=\"wp-block-themeisle-blocks-flip-05d9dc7e\" class=\"wp-block-themeisle-blocks-flip anim flipX\"><div class=\"o-flip-inner\"><div class=\"o-flip-front\"><div class=\"o-flip-content\"><h3>\ud83e\udd1d <strong>Zawsze do Twojej dyspozycji<\/strong><\/h3><p><strong>Obr\u00f3\u0107, aby zobaczy\u0107 wi\u0119cej!<\/strong><\/p><\/div><\/div><div class=\"o-flip-back\">\n<p><\/p>\n\n\n\n<p class=\"has-medium-font-size\">\u26a1 <strong>Profesjonalne doradztwo i wsparcie techniczne<\/strong><\/p>\n\n\n\n<p class=\"has-medium-font-size\"><br>\u26a1Szkolenia dostosowane do Twoich potrzeb<\/p>\n<\/div><\/div><\/div>\n\n\n\n<div style=\"height:100px\" aria-hidden=\"true\" class=\"wp-block-spacer\"><\/div>\n\n\n\n<div id=\"wp-block-themeisle-blocks-advanced-columns-40db0924\" class=\"wp-block-themeisle-blocks-advanced-columns alignfull has-2-columns has-desktop-equal-layout has-tablet-equal-layout has-mobile-collapsedRows-layout has-vertical-top ticss-c00aadba  has-dark-bg\"><div class=\"wp-block-themeisle-blocks-advanced-columns-overlay\"><\/div><div class=\"innerblocks-wrap\">\n<div id=\"wp-block-themeisle-blocks-advanced-column-006aede9\" class=\"wp-block-themeisle-blocks-advanced-column\">\n<h2 id=\"wp-block-themeisle-blocks-advanced-heading-8e35b90f\" class=\"wp-block-themeisle-blocks-advanced-heading wp-block-themeisle-blocks-advanced-heading-8e35b90f o-typing-fast o-typing-delay-100ms\"><o-anim-typing>WY\u015aLIJ ZAPYTANIE<\/o-anim-typing><\/h2>\n\n\n\n<p><strong>Masz pytania? Napisz do nas!<\/strong><\/p>\n\n\n\n<p>Chcesz zadba\u0107 o stabilno\u015b\u0107 i bezpiecze\u0144stwo swojej infrastruktury IT? Wype\u0142nij formularz kontaktowy, a nasz zesp\u00f3\u0142 przygotuje dla Ciebie spersonalizowan\u0105 ofert\u0119 monitoringu sieci i urz\u0105dze\u0144 IT.<\/p>\n\n\n\n<p>\u2714 Indywidualne podej\u015bcie<br>\u2714 Nowoczesne rozwi\u0105zania dopasowane do Twoich potrzeb<br>\u2714 Szybka identyfikacja i eliminacja problem\u00f3w<\/p>\n\n\n\n<p><strong>Oferujemy:<\/strong><\/p>\n\n\n\n<ul class=\"wp-block-list\">\n<li>\u2705 <strong>Wdro\u017cenie i konfiguracj\u0119 system\u00f3w monitoruj\u0105cych<\/strong> \u2013 pe\u0142ne dostosowanie do infrastruktury IT Twojej firmy.<\/li>\n\n\n\n<li>\u2705 <strong>Aktualizacj\u0119 i rozw\u00f3j system\u00f3w monitoringu<\/strong> \u2013 modernizacja, integracja nowych funkcji i poprawa wydajno\u015bci.<\/li>\n\n\n\n<li>\u2705 <strong>Tworzenie dedykowanych rozszerze\u0144 i skrypt\u00f3w<\/strong> \u2013 automatyzacja monitoringu w Bash, PHP, Perl, C i innych j\u0119zykach.<\/li>\n\n\n\n<li>\u2705 <strong>Optymalizacj\u0119 proces\u00f3w monitorowania<\/strong> \u2013 filtrowanie, sortowanie i dostosowanie parametr\u00f3w dla maksymalnej efektywno\u015bci.<\/li>\n\n\n\n<li>\u2705 <strong>Integracj\u0119 z innymi systemami<\/strong> \u2013 po\u0142\u0105czenie monitoringu z ITSM, SIEM i systemami analitycznymi.<\/li>\n<\/ul>\n\n\n\n<p>Pomo\u017cemy Ci w pe\u0142ni kontrolowa\u0107 infrastruktur\u0119 IT! <\/p>\n\n\n\n<p><strong>Czekamy na Tw\u00f3j kontakt! \ud83d\ude42<\/strong><\/p>\n\n\n\n<div id=\"wp-block-themeisle-blocks-icon-list-dfc1fb3a\" class=\"wp-block-themeisle-blocks-icon-list\">\n<div id=\"wp-block-themeisle-blocks-icon-list-item-e6a57e87\" class=\"wp-block-themeisle-blocks-icon-list-item\"><i class=\"fas fa-phone wp-block-themeisle-blocks-icon-list-item-icon\"><\/i><p class=\"wp-block-themeisle-blocks-icon-list-item-content\">+48 506 205 989<\/p><\/div>\n\n\n\n<div id=\"wp-block-themeisle-blocks-icon-list-item-648b3a6e\" class=\"wp-block-themeisle-blocks-icon-list-item\"><i class=\"far fa-envelope wp-block-themeisle-blocks-icon-list-item-icon\"><\/i><p class=\"wp-block-themeisle-blocks-icon-list-item-content\"><a href=\"mailto:biuro@elenet.pl\">biuro@elenet.pl<\/a><\/p><\/div>\n\n\n\n<div id=\"wp-block-themeisle-blocks-icon-list-item-d4eec3f8\" class=\"wp-block-themeisle-blocks-icon-list-item\"><i class=\"fas fa-map-marker-alt wp-block-themeisle-blocks-icon-list-item-icon\"><\/i><p class=\"wp-block-themeisle-blocks-icon-list-item-content\">Us\u0142ugi Informatyczne i elektroniczne<br>ul. Migowska 24a\/2, 80-287 Gda\u0144sk<br>NIP 957-082-84-27<\/p><\/div>\n<\/div>\n\n\n\n<div style=\"height:20px\" aria-hidden=\"true\" class=\"wp-block-spacer\"><\/div>\n<\/div>\n\n\n\n<div id=\"wp-block-themeisle-blocks-advanced-column-ee3078f9\" class=\"wp-block-themeisle-blocks-advanced-column\">\n<div id=\"wp-block-themeisle-blocks-form-c02278c7\" class=\"wp-block-themeisle-blocks-form\" data-option-name=\"bf9b28ff82ce323187abc5d0feb0d8f07ecd8436_c02278c7\"><form class=\"otter-form__container\">\n<div id=\"wp-block-themeisle-blocks-form-input-b7bbe5bf\" class=\"wp-block-themeisle-blocks-form-input\"><label for=\"wp-block-themeisle-blocks-form-input-b7bbe5bf-input\" class=\"otter-form-input-label\"><span class=\"otter-form-input-label__label\">Imi\u0119<\/span><span class=\"required\">*<\/span><\/label><input type=\"text\" id=\"wp-block-themeisle-blocks-form-input-b7bbe5bf-input\" required class=\"otter-form-input\"\/><\/div>\n\n\n\n<div id=\"wp-block-themeisle-blocks-form-input-6cf151a8\" class=\"wp-block-themeisle-blocks-form-input\"><label for=\"wp-block-themeisle-blocks-form-input-6cf151a8-input\" class=\"otter-form-input-label\"><span class=\"otter-form-input-label__label\">Email<\/span><span class=\"required\">*<\/span><\/label><input type=\"email\" id=\"wp-block-themeisle-blocks-form-input-6cf151a8-input\" required class=\"otter-form-input\"\/><\/div>\n\n\n\n<div id=\"wp-block-themeisle-blocks-form-textarea-516ebef1\" class=\"wp-block-themeisle-blocks-form-textarea\"><label for=\"wp-block-themeisle-blocks-form-textarea-516ebef1-input\" class=\"otter-form-textarea-label\"><span class=\"otter-form-textarea-label__label\">Wiadomo\u015b\u0107<\/span><\/label><textarea id=\"wp-block-themeisle-blocks-form-textarea-516ebef1-input\" rows=\"10\" class=\"otter-form-textarea-input\"><\/textarea><\/div>\n\n\n\n<p class=\"has-extra-small-font-size\"><\/p>\n\n\n<div class=\"protection\" aria-hidden=\"true\"><input type=\"hidden\" id=\"wp-block-themeisle-blocks-form-c02278c7_nonce_field\" name=\"wp-block-themeisle-blocks-form-c02278c7_nonce_field\" value=\"7e982c7dab\" \/><input type=\"hidden\" name=\"_wp_http_referer\" value=\"\/index.php?rest_route=%2Fwp%2Fv2%2Fpages%2F368\" \/><input class=\"o-anti-bot\" type=\"checkbox\"><\/div><div class=\"wp-block-button\"><button class=\"wp-block-button__link\" type=\"submit\">Wy\u015blij wiadomo\u015b\u0107<\/button><\/div><\/form><\/div>\n<\/div>\n<\/div><\/div>\n\n\n\n<div id=\"wp-block-themeisle-blocks-advanced-columns-b5e6d565\" class=\"wp-block-themeisle-blocks-advanced-columns alignfull has-1-columns has-desktop-equal-layout has-tablet-equal-layout has-mobile-collapsedRows-layout has-vertical-center ticss-c00aadba has-dark-bg\"><div class=\"wp-block-themeisle-blocks-advanced-columns-overlay\"><\/div><div class=\"innerblocks-wrap\">\n<div id=\"wp-block-themeisle-blocks-advanced-column-fbf7cc58\" class=\"wp-block-themeisle-blocks-advanced-column\">\n<div id=\"wp-block-themeisle-blocks-advanced-columns-00c6179f\" class=\"wp-block-themeisle-blocks-advanced-columns has-1-columns has-desktop-equal-layout has-tablet-equal-layout has-mobile-equal-layout has-vertical-center\"><div class=\"wp-block-themeisle-blocks-advanced-columns-overlay\"><\/div><div class=\"innerblocks-wrap\">\n<div id=\"wp-block-themeisle-blocks-advanced-column-52da435c\" class=\"wp-block-themeisle-blocks-advanced-column\"><div class=\"wp-block-image is-resized\">\n<figure class=\"aligncenter size-full\"><img loading=\"lazy\" decoding=\"async\" width=\"494\" height=\"495\" src=\"http:\/\/test.elenet.pl\/wp-content\/uploads\/2025\/03\/LOGO-ELENET-2.png\" alt=\"\" class=\"wp-image-422\" style=\"width:152px;height:auto\" srcset=\"http:\/\/test.elenet.pl\/wp-content\/uploads\/2025\/03\/LOGO-ELENET-2.png 494w, http:\/\/test.elenet.pl\/wp-content\/uploads\/2025\/03\/LOGO-ELENET-2-300x300.png 300w, http:\/\/test.elenet.pl\/wp-content\/uploads\/2025\/03\/LOGO-ELENET-2-150x150.png 150w\" sizes=\"auto, (max-width: 494px) 100vw, 494px\" \/><\/figure>\n<\/div>\n\n\n<h2 id=\"wp-block-themeisle-blocks-advanced-heading-39e011b7\" class=\"wp-block-themeisle-blocks-advanced-heading wp-block-themeisle-blocks-advanced-heading-39e011b7 o-typing-fast o-typing-delay-100ms\"><o-anim-typing>B\u0105d\u017amy w kontakcie!<\/o-anim-typing><\/h2>\n\n\n\n<p class=\"has-text-align-center has-medium-font-size\"><strong>&nbsp;E-MAIL:&nbsp;<a href=\"mailto:biuro@elenet.pl\">biuro@elenet.pl<\/a><\/strong><\/p>\n\n\n\n<p class=\"has-text-align-center has-medium-font-size\"><strong>&nbsp;TEL:&nbsp;<a href=\"mailto:biuro@elenet.pl\"><br>+48 506 205 989<\/a><\/strong><\/p>\n<\/div>\n<\/div><\/div>\n<\/div>\n<\/div><\/div>\n","protected":false},"excerpt":{"rendered":"<p>kompleksowe rozwi\u0105zania IT.Specjalizujemy si\u0119 w monitoringu, automatyzacji i bezpiecze\u0144stwie system\u00f3w IT. Monitoring i optymalizacja IT Automatyzacja i rozw\u00f3j IT Integracja i bezpiecze\u0144stwo IT Wsparcie i konsultacje<\/p>\n","protected":false},"author":1,"featured_media":0,"parent":0,"menu_order":0,"comment_status":"closed","ping_status":"closed","template":"","meta":{"neve_meta_sidebar":"","neve_meta_container":"","neve_meta_enable_content_width":"","neve_meta_content_width":0,"neve_meta_title_alignment":"","neve_meta_author_avatar":"","neve_post_elements_order":"","neve_meta_disable_header":"","neve_meta_disable_footer":"","neve_meta_disable_title":"","_themeisle_gutenberg_block_has_review":false,"footnotes":""},"class_list":["post-368","page","type-page","status-publish","hentry"],"_links":{"self":[{"href":"http:\/\/test.elenet.pl\/index.php?rest_route=\/wp\/v2\/pages\/368","targetHints":{"allow":["GET"]}}],"collection":[{"href":"http:\/\/test.elenet.pl\/index.php?rest_route=\/wp\/v2\/pages"}],"about":[{"href":"http:\/\/test.elenet.pl\/index.php?rest_route=\/wp\/v2\/types\/page"}],"author":[{"embeddable":true,"href":"http:\/\/test.elenet.pl\/index.php?rest_route=\/wp\/v2\/users\/1"}],"replies":[{"embeddable":true,"href":"http:\/\/test.elenet.pl\/index.php?rest_route=%2Fwp%2Fv2%2Fcomments&post=368"}],"version-history":[{"count":15,"href":"http:\/\/test.elenet.pl\/index.php?rest_route=\/wp\/v2\/pages\/368\/revisions"}],"predecessor-version":[{"id":432,"href":"http:\/\/test.elenet.pl\/index.php?rest_route=\/wp\/v2\/pages\/368\/revisions\/432"}],"wp:attachment":[{"href":"http:\/\/test.elenet.pl\/index.php?rest_route=%2Fwp%2Fv2%2Fmedia&parent=368"}],"curies":[{"name":"wp","href":"https:\/\/api.w.org\/{rel}","templated":true}]}}