{"id":139,"date":"2020-03-26T00:46:04","date_gmt":"2020-03-26T00:46:04","guid":{"rendered":"https:\/\/demosites.io\/rokophoto-gb\/?page_id=139"},"modified":"2025-03-26T14:46:39","modified_gmt":"2025-03-26T13:46:39","slug":"98ee9-about","status":"publish","type":"page","link":"http:\/\/test.elenet.pl\/?page_id=139","title":{"rendered":"o nas"},"content":{"rendered":"\n<div id=\"wp-block-themeisle-blocks-advanced-columns-9ed733b5\" class=\"wp-block-themeisle-blocks-advanced-columns alignfull has-2-columns has-desktop-equal-layout has-tablet-equal-layout has-mobile-collapsedRows-layout has-vertical-unset has-dark-bg\"><div class=\"wp-block-themeisle-blocks-advanced-columns-overlay\"><\/div><div class=\"innerblocks-wrap\">\n<div id=\"wp-block-themeisle-blocks-advanced-column-e2e4f7ae\" class=\"wp-block-themeisle-blocks-advanced-column\">\n<h2 id=\"wp-block-themeisle-blocks-advanced-heading-8818cba9\" class=\"wp-block-themeisle-blocks-advanced-heading wp-block-themeisle-blocks-advanced-heading-8818cba9 o-typing-delay-200ms o-typing-fast\"><o-anim-typing> Kim jeste\u015bmy?<\/o-anim-typing><\/h2>\n\n\n\n<p class=\"has-white-color has-text-color\">Cze\u015b\u0107! Jeste\u015bmy firm\u0105, kt\u00f3ra od ponad 15 lat zajmuje si\u0119 wszelkimi aspektami IT \u2013 od serwisowania sprz\u0119tu komputerowego po zarz\u0105dzanie sieciami i systemami monitoringu.<\/p>\n\n\n\n<p class=\"has-white-color has-text-color\">Pomagamy firmom w codziennych problemach z komputerami, sieciami i oprogramowaniem, dbaj\u0105c o to, by wszystko dzia\u0142a\u0142o sprawnie. Od lat z powodzeniem realizujemy projekty zwi\u0105zane z utrzymaniem system\u00f3w monitoringu oraz konserwacj\u0105 sprz\u0119tu, a tak\u017ce zajmujemy si\u0119 konfiguracj\u0105 i napraw\u0105 infrastruktury IT.<\/p>\n\n\n\n<div style=\"height:51px\" aria-hidden=\"true\" class=\"wp-block-spacer\"><\/div>\n\n\n\n<div id=\"wp-block-themeisle-blocks-flip-932e7ad6\" class=\"wp-block-themeisle-blocks-flip anim flipY\"><div class=\"o-flip-inner\"><div class=\"o-flip-front\"><div class=\"o-flip-content\"><h3>WSPARCIE IT<\/h3><p><\/p><\/div><\/div><div class=\"o-flip-back\">\n<p>Oferujemy kompleksowe wsparcie IT, kt\u00f3re zapewnia sprawne dzia\u0142anie infrastruktury komputerowej oraz sieciowej w Twojej firmie. Nasze us\u0142ugi obejmuj\u0105 zar\u00f3wno codzienn\u0105 pomoc, jak i rozwi\u0105zywanie bardziej z\u0142o\u017conych problem\u00f3w technicznych.<\/p>\n\n\n\n<div class=\"wp-block-buttons is-content-justification-center is-layout-flex wp-container-core-buttons-is-layout-16018d1d wp-block-buttons-is-layout-flex\">\n<div class=\"wp-block-button is-style-fill\"><a class=\"wp-block-button__link wp-element-button\">OFERTA<\/a><\/div>\n<\/div>\n<\/div><\/div><\/div>\n\n\n\n<div style=\"height:51px\" aria-hidden=\"true\" class=\"wp-block-spacer\"><\/div>\n\n\n\n<div style=\"height:0px\" aria-hidden=\"true\" class=\"wp-block-spacer\"><\/div>\n\n\n\n<div id=\"wp-block-themeisle-blocks-flip-23f1a95e\" class=\"wp-block-themeisle-blocks-flip anim flipY\"><div class=\"o-flip-inner\"><div class=\"o-flip-front\"><div class=\"o-flip-content\"><h3>WSPARCIE techniczne<\/h3><p><\/p><\/div><\/div><div class=\"o-flip-back\">\n<p>Zapewniamy profesjonalne wsparcie techniczne, kt\u00f3re pozwala na szybkie rozwi\u0105zywanie problem\u00f3w z systemami informatycznymi. Nasze us\u0142ugi s\u0105 dost\u0119pne zar\u00f3wno w przypadku awarii, jak i przy bie\u017c\u0105cych problemach, kt\u00f3re mog\u0105 wp\u0142yn\u0105\u0107 na dzia\u0142anie Twojej firmy.<\/p>\n\n\n\n<div class=\"wp-block-buttons is-content-justification-center is-layout-flex wp-container-core-buttons-is-layout-16018d1d wp-block-buttons-is-layout-flex\">\n<div class=\"wp-block-button is-style-fill\"><a class=\"wp-block-button__link wp-element-button\">OFERTA<\/a><\/div>\n<\/div>\n<\/div><\/div><\/div>\n<\/div>\n\n\n\n<div id=\"wp-block-themeisle-blocks-advanced-column-9c1ad7b8\" class=\"wp-block-themeisle-blocks-advanced-column\">\n<div style=\"height:32px\" aria-hidden=\"true\" class=\"wp-block-spacer\"><\/div>\n\n\n\n<div id=\"wp-block-themeisle-blocks-flip-b8ca4325\" class=\"wp-block-themeisle-blocks-flip anim flipY\"><div class=\"o-flip-inner\"><div class=\"o-flip-front\"><div class=\"o-flip-content\"><h3>MONITORING SYSTEM\u00d3W<\/h3><p><\/p><\/div><\/div><div class=\"o-flip-back\">\n<h3 class=\"wp-block-heading\">MONITORING SYSTEM\u00d3W<\/h3>\n\n\n\n<p style=\"font-size:15px\">W ramach naszych us\u0142ug oferujemy kompleksowe wsparcie w zakresie <strong>monitoringu system\u00f3w informatycznych<\/strong>, w tym sieci IP oraz HFC (Hybrid Fiber-Coaxial). Monitoring to kluczowy element zarz\u0105dzania infrastruktur\u0105 IT, kt\u00f3ry pozwala na bie\u017c\u0105co \u015bledzi\u0107 stan techniczny oraz wydajno\u015b\u0107 system\u00f3w, wykrywaj\u0105c potencjalne problemy, zanim stan\u0105 si\u0119 one powa\u017cnymi awariami.<\/p>\n\n\n\n<div class=\"wp-block-buttons is-content-justification-center is-layout-flex wp-container-core-buttons-is-layout-16018d1d wp-block-buttons-is-layout-flex\">\n<div class=\"wp-block-button is-style-fill\"><a class=\"wp-block-button__link wp-element-button\">OFERTA<\/a><\/div>\n<\/div>\n<\/div><\/div><\/div>\n\n\n\n<div style=\"height:32px\" aria-hidden=\"true\" class=\"wp-block-spacer\"><\/div>\n\n\n\n<p><strong>Dlaczego my?<\/strong><\/p>\n\n\n\n<p class=\"has-white-color has-text-color\">Poniewa\u017c mamy do\u015bwiadczenie, kt\u00f3re przek\u0142ada si\u0119 na szybkie i skuteczne rozwi\u0105zania. Niezale\u017cnie od tego, czy chodzi o napraw\u0119 awarii, czy wdro\u017cenie nowego systemu, zawsze stawiamy na jako\u015b\u0107 i profesjonalizm.<\/p>\n\n\n\n<div id=\"wp-block-themeisle-blocks-button-group-97a4f98d\" class=\"wp-block-themeisle-blocks-button-group wp-block-buttons align-center-desktop align-center-mobile\">\n<div id=\"wp-block-themeisle-blocks-button-64a05e09\" class=\"wp-block-themeisle-blocks-button wp-block-button\"><a href=\"https:\/\/pl.linkedin.com\/in\/jacek-murawski-a70b2670\" target=\"_self\" rel=\"noopener noreferrer\" class=\"wp-block-button__link\"><span>LINKEDIN<\/span><\/a><\/div>\n<\/div>\n\n\n\n<div style=\"height:32px\" aria-hidden=\"true\" class=\"wp-block-spacer\"><\/div>\n\n\n\n<figure class=\"wp-block-image size-large is-resized\"><img loading=\"lazy\" decoding=\"async\" width=\"1024\" height=\"756\" src=\"http:\/\/test.elenet.pl\/wp-content\/uploads\/2025\/03\/image-3-1024x756.png\" alt=\"\" class=\"wp-image-425\" style=\"width:437px;height:auto\" srcset=\"http:\/\/test.elenet.pl\/wp-content\/uploads\/2025\/03\/image-3-1024x756.png 1024w, http:\/\/test.elenet.pl\/wp-content\/uploads\/2025\/03\/image-3-300x222.png 300w, http:\/\/test.elenet.pl\/wp-content\/uploads\/2025\/03\/image-3-768x567.png 768w, http:\/\/test.elenet.pl\/wp-content\/uploads\/2025\/03\/image-3.png 1079w\" sizes=\"auto, (max-width: 1024px) 100vw, 1024px\" \/><\/figure>\n\n\n\n<p><\/p>\n<\/div>\n<\/div><\/div>\n\n\n\n<div id=\"wp-block-themeisle-blocks-advanced-columns-b5e6d565\" class=\"wp-block-themeisle-blocks-advanced-columns alignfull has-1-columns has-desktop-equal-layout has-tablet-equal-layout has-mobile-collapsedRows-layout has-vertical-center ticss-c00aadba has-dark-bg\"><div class=\"wp-block-themeisle-blocks-advanced-columns-overlay\"><\/div><div class=\"innerblocks-wrap\">\n<div id=\"wp-block-themeisle-blocks-advanced-column-fbf7cc58\" class=\"wp-block-themeisle-blocks-advanced-column\">\n<div id=\"wp-block-themeisle-blocks-advanced-columns-00c6179f\" class=\"wp-block-themeisle-blocks-advanced-columns has-1-columns has-desktop-equal-layout has-tablet-equal-layout has-mobile-equal-layout has-vertical-center\"><div class=\"wp-block-themeisle-blocks-advanced-columns-overlay\"><\/div><div class=\"innerblocks-wrap\">\n<div id=\"wp-block-themeisle-blocks-advanced-column-52da435c\" class=\"wp-block-themeisle-blocks-advanced-column\"><div class=\"wp-block-image is-resized\">\n<figure class=\"aligncenter size-full\"><img loading=\"lazy\" decoding=\"async\" width=\"494\" height=\"495\" src=\"http:\/\/test.elenet.pl\/wp-content\/uploads\/2025\/03\/LOGO-ELENET-2.png\" alt=\"\" class=\"wp-image-422\" style=\"width:152px;height:auto\" srcset=\"http:\/\/test.elenet.pl\/wp-content\/uploads\/2025\/03\/LOGO-ELENET-2.png 494w, http:\/\/test.elenet.pl\/wp-content\/uploads\/2025\/03\/LOGO-ELENET-2-300x300.png 300w, http:\/\/test.elenet.pl\/wp-content\/uploads\/2025\/03\/LOGO-ELENET-2-150x150.png 150w\" sizes=\"auto, (max-width: 494px) 100vw, 494px\" \/><\/figure>\n<\/div>\n\n\n<h2 id=\"wp-block-themeisle-blocks-advanced-heading-39e011b7\" class=\"wp-block-themeisle-blocks-advanced-heading wp-block-themeisle-blocks-advanced-heading-39e011b7 o-typing-fast o-typing-delay-100ms\"><o-anim-typing>B\u0105d\u017amy w kontakcie!<\/o-anim-typing><\/h2>\n\n\n\n<p class=\"has-text-align-center has-medium-font-size\"><strong>&nbsp;E-MAIL:&nbsp;<a href=\"mailto:biuro@elenet.pl\">biuro@elenet.pl<\/a><\/strong><\/p>\n\n\n\n<p class=\"has-text-align-center has-medium-font-size\"><strong>&nbsp;TEL:&nbsp;<a href=\"mailto:biuro@elenet.pl\"><br>+48 506 205 989<\/a><\/strong><\/p>\n<\/div>\n<\/div><\/div>\n<\/div>\n<\/div><\/div>\n","protected":false},"excerpt":{"rendered":"","protected":false},"author":1,"featured_media":0,"parent":0,"menu_order":0,"comment_status":"closed","ping_status":"closed","template":"page-templates\/template-pagebuilder-full-width.php","meta":{"neve_meta_sidebar":"full-width","neve_meta_container":"contained","neve_meta_enable_content_width":"on","neve_meta_content_width":100,"neve_meta_title_alignment":"","neve_meta_author_avatar":"","neve_post_elements_order":"","neve_meta_disable_header":"","neve_meta_disable_footer":"","neve_meta_disable_title":"","_themeisle_gutenberg_block_has_review":false,"footnotes":""},"class_list":["post-139","page","type-page","status-publish","hentry"],"_links":{"self":[{"href":"http:\/\/test.elenet.pl\/index.php?rest_route=\/wp\/v2\/pages\/139","targetHints":{"allow":["GET"]}}],"collection":[{"href":"http:\/\/test.elenet.pl\/index.php?rest_route=\/wp\/v2\/pages"}],"about":[{"href":"http:\/\/test.elenet.pl\/index.php?rest_route=\/wp\/v2\/types\/page"}],"author":[{"embeddable":true,"href":"http:\/\/test.elenet.pl\/index.php?rest_route=\/wp\/v2\/users\/1"}],"replies":[{"embeddable":true,"href":"http:\/\/test.elenet.pl\/index.php?rest_route=%2Fwp%2Fv2%2Fcomments&post=139"}],"version-history":[{"count":24,"href":"http:\/\/test.elenet.pl\/index.php?rest_route=\/wp\/v2\/pages\/139\/revisions"}],"predecessor-version":[{"id":426,"href":"http:\/\/test.elenet.pl\/index.php?rest_route=\/wp\/v2\/pages\/139\/revisions\/426"}],"wp:attachment":[{"href":"http:\/\/test.elenet.pl\/index.php?rest_route=%2Fwp%2Fv2%2Fmedia&parent=139"}],"curies":[{"name":"wp","href":"https:\/\/api.w.org\/{rel}","templated":true}]}}